{"id":50,"date":"2021-04-19T18:48:47","date_gmt":"2021-04-19T16:48:47","guid":{"rendered":"http:\/\/bd-u-starych-kramu.cz\/?page_id=50"},"modified":"2022-04-11T13:38:53","modified_gmt":"2022-04-11T11:38:53","slug":"dokumenty","status":"publish","type":"page","link":"https:\/\/bd-u-starych-kramu.cz\/index.php\/dokumenty\/","title":{"rendered":"Informace"},"content":{"rendered":"\n<hr class=\"wp-block-separator is-style-wide\"\/>\n\n\n\n<p>Term\u00edn p\u0159\u00ed\u0161t\u00ed \u010dlensk\u00e9 sch\u016fze &#8211; \u010dtvrtek 28.4.2022 v 18,00 hod v su\u0161\u00e1rn\u011b domu 838.<\/p>\n\n\n\n<div class=\"wp-block-file\"><a id=\"wp-block-file--media-ca860df2-2af5-420c-a389-503ecbfc1b7e\" href=\"http:\/\/bd-u-starych-kramu.cz\/wp-content\/uploads\/2022\/04\/Pozvanka-schuze-4_2022-5.pdf\" target=\"_blank\" rel=\"noreferrer noopener\">Pozvanka-schuze-4_2022-5<\/a><a href=\"http:\/\/bd-u-starych-kramu.cz\/wp-content\/uploads\/2022\/04\/Pozvanka-schuze-4_2022-5.pdf\" class=\"wp-block-file__button\" download aria-describedby=\"wp-block-file--media-ca860df2-2af5-420c-a389-503ecbfc1b7e\">St\u00e1hnout<\/a><\/div>\n\n\n\n<div class=\"wp-block-file\"><a id=\"wp-block-file--media-93aed62a-af2a-4e03-a9c7-5857b12e1519\" href=\"http:\/\/bd-u-starych-kramu.cz\/wp-content\/uploads\/2022\/04\/PM_k_zastupovani-2.pdf\">PM_k_zastupovani-2<\/a><a href=\"http:\/\/bd-u-starych-kramu.cz\/wp-content\/uploads\/2022\/04\/PM_k_zastupovani-2.pdf\" class=\"wp-block-file__button\" download aria-describedby=\"wp-block-file--media-93aed62a-af2a-4e03-a9c7-5857b12e1519\">St\u00e1hnout<\/a><\/div>\n\n\n\n<hr class=\"wp-block-separator is-style-wide\"\/>\n\n\n\n<p>Dne <strong>4.1.2022 od 14,00 hod<\/strong> prob\u011bhne 2. kontrola kom\u00edn\u016f. <\/p>\n\n\n\n<hr class=\"wp-block-separator is-style-wide\"\/>\n\n\n\n<p>Dne 12.10.2021 od 13,30 hod prob\u011bhla 1. kontrola kom\u00edn\u016f.<\/p>\n\n\n\n<hr class=\"wp-block-separator is-style-wide\"\/>\n\n\n\n<p>Rekonstrukce st\u0159echy bytov\u00e9ho domu B\u0159\u00ed \u010capk\u016f 838 &#8211; p\u0159edpokl\u00e1dan\u00fd term\u00edn zah\u00e1jen\u00ed prac\u00ed \u00fater\u00fd 31.8.2021, p\u0159edpokl\u00e1dan\u00e1 doba trv\u00e1n\u00ed 4-5 t\u00fddn\u016f. Pros\u00edme dbejte zv\u00fd\u0161en\u00e9 opatrnosti p\u0159edev\u0161\u00edm v bl\u00edzkosti za\u0159\u00edzen\u00ed staveni\u0161t\u011b, respektujte omezen\u00ed ohledn\u011b parkov\u00e1n\u00ed v okol\u00ed domu apod. Bli\u017e\u0161\u00ed info na \u010dlensk\u00e9 sch\u016fzi BD 20.9.2021<\/p>\n\n\n\n<div class=\"wp-block-file\"><a id=\"wp-block-file--media-93cbf550-9ebb-44a1-8424-78550981b74d\" href=\"http:\/\/bd-u-starych-kramu.cz\/wp-content\/uploads\/2021\/08\/Oznameni-strecha.docx\">Oznameni-strecha<\/a><a href=\"http:\/\/bd-u-starych-kramu.cz\/wp-content\/uploads\/2021\/08\/Oznameni-strecha.docx\" class=\"wp-block-file__button\" download aria-describedby=\"wp-block-file--media-93cbf550-9ebb-44a1-8424-78550981b74d\">St\u00e1hnout<\/a><\/div>\n\n\n\n<hr class=\"wp-block-separator aligncenter is-style-wide\"\/>\n\n\n\n<p>Term\u00edn p\u0159\u00ed\u0161t\u00ed \u010dlensk\u00e9 sch\u016fze &#8211; 9-2021 &#8211; pond\u011bl\u00ed 20.9.2021 v 18,00 hod<\/p>\n\n\n\n<div class=\"wp-block-file\"><a id=\"wp-block-file--media-63a49478-0242-4581-823b-18f35cd8aff3\" href=\"http:\/\/bd-u-starych-kramu.cz\/wp-content\/uploads\/2021\/09\/Pozvanka-clenska-schuze-BD-U-Starych-kramu-9_2021-1.doc\">Pozvanka-clenska-schuze-BD-U-Starych-kramu-9_2021-1<\/a><a href=\"http:\/\/bd-u-starych-kramu.cz\/wp-content\/uploads\/2021\/09\/Pozvanka-clenska-schuze-BD-U-Starych-kramu-9_2021-1.doc\" class=\"wp-block-file__button\" download aria-describedby=\"wp-block-file--media-63a49478-0242-4581-823b-18f35cd8aff3\">St\u00e1hnout<\/a><\/div>\n\n\n\n<p><\/p>\n\n\n\n<div class=\"wp-block-file\"><a id=\"wp-block-file--media-3e57e7fa-e414-4a3d-98d1-cc0f2efaead2\" href=\"http:\/\/bd-u-starych-kramu.cz\/wp-content\/uploads\/2021\/05\/PM-k-zastupovani-aktualne.docx\">PM k zastupov\u00e1n\u00ed na \u010dlensk\u00e9 sch\u016fzi &#8211; aktu\u00e1ln\u00ed<\/a><a href=\"http:\/\/bd-u-starych-kramu.cz\/wp-content\/uploads\/2021\/05\/PM-k-zastupovani-aktualne.docx\" class=\"wp-block-file__button\" download aria-describedby=\"wp-block-file--media-3e57e7fa-e414-4a3d-98d1-cc0f2efaead2\">St\u00e1hnout<\/a><\/div>\n\n\n\n<p><\/p>\n","protected":false},"excerpt":{"rendered":"<p>Term\u00edn p\u0159\u00ed\u0161t\u00ed \u010dlensk\u00e9 sch\u016fze &#8211; \u010dtvrtek 28.4.2022 v 18,00 hod v su\u0161\u00e1rn\u011b domu 838. Dne 4.1.2022 od 14,00 hod prob\u011bhne 2. kontrola kom\u00edn\u016f. Dne 12.10.2021 od 13,30 hod prob\u011bhla 1. kontrola kom\u00edn\u016f. Rekonstrukce st\u0159echy bytov\u00e9ho domu B\u0159\u00ed \u010capk\u016f 838 &#8211; p\u0159edpokl\u00e1dan\u00fd term\u00edn zah\u00e1jen\u00ed prac\u00ed \u00fater\u00fd 31.8.2021, p\u0159edpokl\u00e1dan\u00e1 doba trv\u00e1n\u00ed 4-5 t\u00fddn\u016f. Pros\u00edme dbejte zv\u00fd\u0161en\u00e9 opatrnosti [&hellip;]<\/p>\n","protected":false},"author":1,"featured_media":0,"parent":0,"menu_order":0,"comment_status":"closed","ping_status":"closed","template":"","meta":{"gt_page_layout":"","gt_hide_page_title":false,"gt_remove_bottom_margin":false,"footnotes":""},"class_list":["post-50","page","type-page","status-publish","hentry"],"_links":{"self":[{"href":"https:\/\/bd-u-starych-kramu.cz\/index.php\/wp-json\/wp\/v2\/pages\/50","targetHints":{"allow":["GET"]}}],"collection":[{"href":"https:\/\/bd-u-starych-kramu.cz\/index.php\/wp-json\/wp\/v2\/pages"}],"about":[{"href":"https:\/\/bd-u-starych-kramu.cz\/index.php\/wp-json\/wp\/v2\/types\/page"}],"author":[{"embeddable":true,"href":"https:\/\/bd-u-starych-kramu.cz\/index.php\/wp-json\/wp\/v2\/users\/1"}],"replies":[{"embeddable":true,"href":"https:\/\/bd-u-starych-kramu.cz\/index.php\/wp-json\/wp\/v2\/comments?post=50"}],"version-history":[{"count":27,"href":"https:\/\/bd-u-starych-kramu.cz\/index.php\/wp-json\/wp\/v2\/pages\/50\/revisions"}],"predecessor-version":[{"id":257,"href":"https:\/\/bd-u-starych-kramu.cz\/index.php\/wp-json\/wp\/v2\/pages\/50\/revisions\/257"}],"wp:attachment":[{"href":"https:\/\/bd-u-starych-kramu.cz\/index.php\/wp-json\/wp\/v2\/media?parent=50"}],"curies":[{"name":"wp","href":"https:\/\/api.w.org\/{rel}","templated":true}]}}