{"id":38,"date":"2021-04-19T18:21:01","date_gmt":"2021-04-19T16:21:01","guid":{"rendered":"http:\/\/bd-u-starych-kramu.cz\/?page_id=38"},"modified":"2021-04-29T18:09:37","modified_gmt":"2021-04-29T16:09:37","slug":"hlavni-strana","status":"publish","type":"page","link":"https:\/\/bd-u-starych-kramu.cz\/","title":{"rendered":"Hlavn\u00ed strana"},"content":{"rendered":"\n<div class=\"wp-block-columns is-layout-flex wp-container-core-columns-is-layout-9d6595d7 wp-block-columns-is-layout-flex\">\n<div class=\"wp-block-column is-vertically-aligned-center is-layout-flow wp-block-column-is-layout-flow\" style=\"flex-basis:33.33%\">\n<p><strong><span class=\"has-inline-color has-black-color\">Bytov\u00e9 dru\u017estvo<\/span><\/strong><br>U Star\u00fdch kr\u00e1m\u016f<br>B\u0159\u00ed \u010capk\u016f 838<br>277 11 Neratovice<\/p>\n<\/div>\n\n\n\n<div class=\"wp-block-column is-layout-flow wp-block-column-is-layout-flow\" style=\"flex-basis:66.66%\">\n<figure class=\"wp-block-image size-large\"><img loading=\"lazy\" decoding=\"async\" width=\"800\" height=\"533\" src=\"http:\/\/bd-u-starych-kramu.cz\/wp-content\/uploads\/2021\/04\/dum-2.jpg\" alt=\"\" class=\"wp-image-57\" srcset=\"https:\/\/bd-u-starych-kramu.cz\/wp-content\/uploads\/2021\/04\/dum-2.jpg 800w, https:\/\/bd-u-starych-kramu.cz\/wp-content\/uploads\/2021\/04\/dum-2-300x200.jpg 300w, https:\/\/bd-u-starych-kramu.cz\/wp-content\/uploads\/2021\/04\/dum-2-768x512.jpg 768w, https:\/\/bd-u-starych-kramu.cz\/wp-content\/uploads\/2021\/04\/dum-2-720x480.jpg 720w\" sizes=\"auto, (max-width: 800px) 100vw, 800px\" \/><\/figure>\n<\/div>\n<\/div>\n\n\n\n<p><\/p>\n\n\n<form role=\"search\" method=\"get\" action=\"https:\/\/bd-u-starych-kramu.cz\/\" class=\"wp-block-search__button-outside wp-block-search__text-button wp-block-search\"    ><label class=\"wp-block-search__label\" for=\"wp-block-search__input-1\" >Hledat<\/label><div class=\"wp-block-search__inside-wrapper\" ><input class=\"wp-block-search__input\" id=\"wp-block-search__input-1\" placeholder=\"\" value=\"\" type=\"search\" name=\"s\" required \/><button aria-label=\"Hledat\" class=\"wp-block-search__button wp-element-button\" type=\"submit\" >Hledat<\/button><\/div><\/form>","protected":false},"excerpt":{"rendered":"<p>Bytov\u00e9 dru\u017estvoU Star\u00fdch kr\u00e1m\u016fB\u0159\u00ed \u010capk\u016f 838277 11 Neratovice<\/p>\n","protected":false},"author":1,"featured_media":0,"parent":0,"menu_order":0,"comment_status":"closed","ping_status":"closed","template":"","meta":{"gt_page_layout":"","gt_hide_page_title":false,"gt_remove_bottom_margin":false,"footnotes":""},"class_list":["post-38","page","type-page","status-publish","hentry"],"_links":{"self":[{"href":"https:\/\/bd-u-starych-kramu.cz\/index.php\/wp-json\/wp\/v2\/pages\/38","targetHints":{"allow":["GET"]}}],"collection":[{"href":"https:\/\/bd-u-starych-kramu.cz\/index.php\/wp-json\/wp\/v2\/pages"}],"about":[{"href":"https:\/\/bd-u-starych-kramu.cz\/index.php\/wp-json\/wp\/v2\/types\/page"}],"author":[{"embeddable":true,"href":"https:\/\/bd-u-starych-kramu.cz\/index.php\/wp-json\/wp\/v2\/users\/1"}],"replies":[{"embeddable":true,"href":"https:\/\/bd-u-starych-kramu.cz\/index.php\/wp-json\/wp\/v2\/comments?post=38"}],"version-history":[{"count":10,"href":"https:\/\/bd-u-starych-kramu.cz\/index.php\/wp-json\/wp\/v2\/pages\/38\/revisions"}],"predecessor-version":[{"id":87,"href":"https:\/\/bd-u-starych-kramu.cz\/index.php\/wp-json\/wp\/v2\/pages\/38\/revisions\/87"}],"wp:attachment":[{"href":"https:\/\/bd-u-starych-kramu.cz\/index.php\/wp-json\/wp\/v2\/media?parent=38"}],"curies":[{"name":"wp","href":"https:\/\/api.w.org\/{rel}","templated":true}]}}