{"id":12,"date":"2021-04-19T18:03:53","date_gmt":"2021-04-19T16:03:53","guid":{"rendered":"http:\/\/bd-u-starych-kramu.cz\/?page_id=12"},"modified":"2021-09-02T08:35:17","modified_gmt":"2021-09-02T06:35:17","slug":"o-nas","status":"publish","type":"page","link":"https:\/\/bd-u-starych-kramu.cz\/index.php\/o-nas\/","title":{"rendered":"Kontakt"},"content":{"rendered":"\n<p>P\u0159edseda dru\u017estva &#8211; pan\u00ed Bc. Stanislava Soukupov\u00e1, tel. 776 775 407<\/p>\n\n\n\n<div class=\"wp-block-file\"><a href=\"http:\/\/bd-u-starych-kramu.cz\/wp-content\/uploads\/2021\/05\/Vypis-z-OR-5_2021-1.pdf\" target=\"_blank\" rel=\"noreferrer noopener\">V\u00fdpis z obchodn\u00edho rejst\u0159\u00edku 2021<\/a><a href=\"http:\/\/bd-u-starych-kramu.cz\/wp-content\/uploads\/2021\/05\/Vypis-z-OR-5_2021-1.pdf\" class=\"wp-block-file__button\" download>St\u00e1hnout<\/a><\/div>\n\n\n\n<div style=\"height:31px\" aria-hidden=\"true\" class=\"wp-block-spacer\"><\/div>\n\n\n\n<p><strong>Bytov\u00e9 dru\u017estvo<\/strong><br>U Star\u00fdch kr\u00e1m\u016f<br>B\u0159\u00ed \u010capk\u016f 838<br>277 11 Neratovice<\/p>\n\n\n\n<div style=\"height:100px\" aria-hidden=\"true\" class=\"wp-block-spacer\"><\/div>\n\n\n","protected":false},"excerpt":{"rendered":"<p>P\u0159edseda dru\u017estva &#8211; pan\u00ed Bc. Stanislava Soukupov\u00e1, tel. 776 775 407 Bytov\u00e9 dru\u017estvoU Star\u00fdch kr\u00e1m\u016fB\u0159\u00ed \u010capk\u016f 838277 11 Neratovice<\/p>\n","protected":false},"author":1,"featured_media":0,"parent":0,"menu_order":0,"comment_status":"closed","ping_status":"closed","template":"","meta":{"gt_page_layout":"","gt_hide_page_title":false,"gt_remove_bottom_margin":false,"footnotes":""},"class_list":["post-12","page","type-page","status-publish","hentry"],"_links":{"self":[{"href":"https:\/\/bd-u-starych-kramu.cz\/index.php\/wp-json\/wp\/v2\/pages\/12","targetHints":{"allow":["GET"]}}],"collection":[{"href":"https:\/\/bd-u-starych-kramu.cz\/index.php\/wp-json\/wp\/v2\/pages"}],"about":[{"href":"https:\/\/bd-u-starych-kramu.cz\/index.php\/wp-json\/wp\/v2\/types\/page"}],"author":[{"embeddable":true,"href":"https:\/\/bd-u-starych-kramu.cz\/index.php\/wp-json\/wp\/v2\/users\/1"}],"replies":[{"embeddable":true,"href":"https:\/\/bd-u-starych-kramu.cz\/index.php\/wp-json\/wp\/v2\/comments?post=12"}],"version-history":[{"count":9,"href":"https:\/\/bd-u-starych-kramu.cz\/index.php\/wp-json\/wp\/v2\/pages\/12\/revisions"}],"predecessor-version":[{"id":228,"href":"https:\/\/bd-u-starych-kramu.cz\/index.php\/wp-json\/wp\/v2\/pages\/12\/revisions\/228"}],"wp:attachment":[{"href":"https:\/\/bd-u-starych-kramu.cz\/index.php\/wp-json\/wp\/v2\/media?parent=12"}],"curies":[{"name":"wp","href":"https:\/\/api.w.org\/{rel}","templated":true}]}}